{"id":56,"date":"2024-05-21T14:45:21","date_gmt":"2024-05-21T12:45:21","guid":{"rendered":"https:\/\/mamitina.fr\/?page_id=56"},"modified":"2025-01-03T19:23:44","modified_gmt":"2025-01-03T18:23:44","slug":"infos","status":"publish","type":"page","link":"https:\/\/mamitina.fr\/index.php\/tattoo\/infos\/","title":{"rendered":"INFOS \/ BOOKING"},"content":{"rendered":"\n<p>Avant de prendre rendez-vous, merci de bien lire toutes les informations \ud83d\ude42<\/p>\n\n\n\n<p><em>English below.<\/em><\/p>\n\n\n\n<p>Pour prendre rendez-vous, merci d\u2019envoyer un e-mail \u00e0 : <\/p>\n\n\n\n<p>mamitinatattoo (a.t) gmail.com<\/p>\n\n\n\n<p>Dans votre email, merci de joindre :<\/p>\n\n\n\n<ul class=\"wp-block-list\">\n<li>Une capture d\u2019\u00e9cran du design que vous souhaitez vous faire tatouer.<\/li>\n\n\n\n<li>Une taille (en cm) et un emplacement, m\u00eame approximatif si vous n\u2019avez pas d\u2019id\u00e9e pr\u00e9cise.<\/li>\n\n\n\n<li>Vos disponibilit\u00e9s sur les dates et lieux qui sont annonc\u00e9s.<\/li>\n<\/ul>\n\n\n\n<p>Toutes ces informations me permettent de vous donner une estimation plus pr\u00e9cise du prix.<\/p>\n\n\n\n<p>Je mets en g\u00e9n\u00e9ral entre 3 minutes et 3 semaines \u00e0 r\u00e9pondre. Merci de ne pas me relancer entre temps (sauf pour ajouter des informations que vous jugez pertinentes) car c\u2019est un peu oppressant et \u00e7a vous remet en plus au bout de la file.<\/p>\n\n\n\n<p>Les e-mails envoy\u00e9s en dehors des p\u00e9riodes de booking ne seront pas pris en compte (En dehors des demandes li\u00e9es \u00e0 la cicatrisation et aux retouches). Vous pouvez consulter mes prochaines disponibilit\u00e9s sur cette page : <a href=\"https:\/\/mamitina.fr\/index.php\/tattoo\/disponibilites-avaibilities\/\" data-type=\"page\" data-id=\"81\">DISPONIBILIT\u00c9S<\/a><\/p>\n\n\n\n<p>Pour information :<\/p>\n\n\n\n<ul class=\"wp-block-list\">\n<li>Je tatoue uniquement mes dessins et je ne les tatoue qu\u2019une seule fois, exception faite d\u00e8s match in tattoos.<\/li>\n\n\n\n<li>Je ne fais pas de projets personnalis\u00e9s et je ne fais plus de couleurs.<\/li>\n\n\n\n<li>Je ne tatoue pas les personnes mineures, m\u00eame avec autorisation parentale.<\/li>\n\n\n\n<li>Le prix de mes tatouages varie en moyenne entre 150\u20ac et 500\u20ac. Mon strict minimum est de 90\u20ac \u00e0 Bruxelles et 150\u20ac ailleurs en guest. Il n\u2019y a pas de maximum car cela d\u00e9pend bien \u00e9videmment de votre projet.<\/li>\n\n\n\n<li>Je ne tatoue pas les mains, le cou, le visage et les parties g\u00e9nitales.<\/li>\n\n\n\n<li>Je suis bas\u00e9e \u00e0 Bruxelles et fais tr\u00e8s peu de guest en dehors de Paris. Vous pouvez consulter mes prochaines disponibilit\u00e9s sur cette page ci : <a href=\"https:\/\/mamitina.fr\/index.php\/tattoo\/disponibilites-avaibilities\/\" data-type=\"page\" data-id=\"81\">DISPONIBILIT\u00c9S<\/a> . Les e-mails re\u00e7us alors qu\u2019aucune disponibilit\u00e9 n\u2019est affich\u00e9e ne sont pas pris en compte (En dehors des demandes li\u00e9es \u00e0 la cicatrisation et aux retouches)<\/li>\n<\/ul>\n\n\n\n<hr class=\"wp-block-separator has-alpha-channel-opacity is-style-default\"\/>\n\n\n\n<p><strong>ENGLISH<\/strong><\/p>\n\n\n\n<p>Please make sure you have read all these informations before contacting me \ud83d\ude42<\/p>\n\n\n\n<p>To book an appointment, please send an email to :<\/p>\n\n\n\n<p>mamitinatattoo (a.t) gmail.com<\/p>\n\n\n\n<p>In your email, please join<\/p>\n\n\n\n<ul class=\"wp-block-list\">\n<li>A screenshot of the design you\u2019d like to book.<\/li>\n\n\n\n<li>Indicate a size (in cm)and a placement idea, even if it is not so precise.<\/li>\n\n\n\n<li>When you\u2019d like to book amongst my next availabilities.<\/li>\n<\/ul>\n\n\n\n<p>All these details allow me to give you a more precise estimate of the price.<\/p>\n\n\n\n<p>It usually takes me between 3 minutes to 3 weeks to answer. Please don\u2019t get back to me in the meantime (expect if you have relevant informations to add) as it is a bit oppressive and it will get you to the end of the queue anyway.<\/p>\n\n\n\n<p>Emails send besides booking periods will not be answered. I will answer only about healing process and touch up relative questions during these times. You can check if the booking is open on this page : <a href=\"https:\/\/mamitina.fr\/index.php\/tattoo\/disponibilites-avaibilities\/\" data-type=\"page\" data-id=\"81\">AVAIBILITIES<\/a><\/p>\n\n\n\n<p>For your information :<\/p>\n\n\n\n<ul class=\"wp-block-list\">\n<li>I only tattoo my own drawings and I tattoo them only once, except for matching tattoos projects.<\/li>\n\n\n\n<li>I don\u2019t do custom projects, and am not tattoing in colors anymore.<\/li>\n\n\n\n<li>I don\u2019t tattoo people under 18yo, even with parental consent.<\/li>\n\n\n\n<li>My average tattoo prices are between 150\u20ac and 500\u20ac. My very minimum in 90\u20ac in Brussels and 150\u20ac anywhere else during guests. There is no maximum as it indeed depends on the amplitude of your project.<\/li>\n\n\n\n<li>I don\u2019t tattoo hands, neck, face and genitals.<\/li>\n\n\n\n<li>I am based in Brussels and do very few guests besides Paris. You can check my next availabilities on this page : <a href=\"https:\/\/mamitina.fr\/index.php\/tattoo\/disponibilites-avaibilities\/\" data-type=\"page\" data-id=\"81\">AVAIBILITIES<\/a> . Emails sent while there is no availabilities won\u2019t be answered, besides questions about healing process and touch up sessions.<\/li>\n<\/ul>\n\n\n\n<p><\/p>\n","protected":false},"excerpt":{"rendered":"<p>Avant de prendre rendez-vous, merci de bien lire toutes les informations \ud83d\ude42 English below. Pour prendre rendez-vous, merci d\u2019envoyer un e-mail \u00e0 : mamitinatattoo (a.t) gmail.com Dans votre email, merci de joindre : Toutes ces informations me permettent de vous donner une estimation plus pr\u00e9cise du prix. Je mets en g\u00e9n\u00e9ral entre 3 minutes et [&hellip;]<\/p>\n","protected":false},"author":1,"featured_media":0,"parent":27,"menu_order":0,"comment_status":"closed","ping_status":"closed","template":"","meta":{"footnotes":""},"class_list":["post-56","page","type-page","status-publish","hentry"],"_links":{"self":[{"href":"https:\/\/mamitina.fr\/index.php\/wp-json\/wp\/v2\/pages\/56","targetHints":{"allow":["GET"]}}],"collection":[{"href":"https:\/\/mamitina.fr\/index.php\/wp-json\/wp\/v2\/pages"}],"about":[{"href":"https:\/\/mamitina.fr\/index.php\/wp-json\/wp\/v2\/types\/page"}],"author":[{"embeddable":true,"href":"https:\/\/mamitina.fr\/index.php\/wp-json\/wp\/v2\/users\/1"}],"replies":[{"embeddable":true,"href":"https:\/\/mamitina.fr\/index.php\/wp-json\/wp\/v2\/comments?post=56"}],"version-history":[{"count":12,"href":"https:\/\/mamitina.fr\/index.php\/wp-json\/wp\/v2\/pages\/56\/revisions"}],"predecessor-version":[{"id":276,"href":"https:\/\/mamitina.fr\/index.php\/wp-json\/wp\/v2\/pages\/56\/revisions\/276"}],"up":[{"embeddable":true,"href":"https:\/\/mamitina.fr\/index.php\/wp-json\/wp\/v2\/pages\/27"}],"wp:attachment":[{"href":"https:\/\/mamitina.fr\/index.php\/wp-json\/wp\/v2\/media?parent=56"}],"curies":[{"name":"wp","href":"https:\/\/api.w.org\/{rel}","templated":true}]}}